{"id":11863,"date":"2024-05-14T11:22:03","date_gmt":"2024-05-14T11:22:03","guid":{"rendered":"https:\/\/dev.sm360.no\/obb\/?post_type=product&#038;p=11863"},"modified":"2024-05-14T11:22:06","modified_gmt":"2024-05-14T11:22:06","slug":"ys-1-24-wd-tc-garage","status":"publish","type":"product","link":"https:\/\/dev.sm360.no\/obb\/produkt\/ys-1-24-wd-tc-garage\/","title":{"rendered":"YS 1\/24 W&#038;D TC GARAGE"},"content":{"rendered":"<div id=\"product-info\" class=\"collapse show\">\n<div class=\"mb-5 mt-3 pb-4\">\n<div id=\"prod-txt-container\" class=\"\">\n<div class=\"row\">\n<div class=\"col-md-6 product-order\">\n<div id=\"product-info\" class=\"collapse show\">\n<div class=\"mb-5 mt-3 pb-4\">\n<div id=\"prod-txt-container\" class=\"\">\n<div id=\"product-info\" class=\"collapse show\">\n<div class=\"mb-5 mt-3 pb-4\">\n<div id=\"prod-txt-container\" class=\"\">\n<div id=\"product-info\" class=\"collapse show\">\n<div class=\"mb-5 mt-3 pb-4\">\n<div id=\"prod-txt-container\" class=\"\">\n<div id=\"product-info\" class=\"collapse show\">\n<div class=\"mb-5 mt-3 pb-4\">\n<div id=\"prod-txt-container\" class=\"\">\n<div id=\"product-info\" class=\"collapse show\">\n<div class=\"mb-5 mt-3 pb-4\">\n<div id=\"prod-txt-container\" class=\"\">\n<div class=\"row\">\n<div class=\"col-md-6 product-order\">\n<div id=\"product-info\" class=\"collapse show\">\n<div class=\"mb-5 mt-3 pb-4\">\n<div id=\"prod-txt-container\" class=\"\">\n<div class=\"row\">\n<div class=\"col-md-6 product-order\">\n<div id=\"product-info\" class=\"collapse show\">\n<div class=\"mb-5 mt-3 pb-4\">\n<div id=\"prod-txt-container\">\n<div class=\"row\">\n<div class=\"col-md-6 product-order\">\n<div id=\"product-info\" class=\"collapse show\">\n<div class=\"mb-5 mt-3 pb-4\">\n<div id=\"prod-txt-container\" class=\"\">\n<div class=\"row\">\n<div class=\"col-md-6 product-order\">\n<div id=\"product-info\" class=\"collapse show\">\n<div class=\"mb-5 mt-3 pb-4\">\n<div id=\"prod-txt-container\" class=\"\">\n<div class=\"row\">\n<div class=\"col-md-6 product-order\">\n<div id=\"product-info\" class=\"collapse show\">\n<div class=\"mb-5 mt-3 pb-4\">\n<div id=\"prod-txt-container\" class=\"\">\n<div class=\"row\">\n<div class=\"col-md-6 product-order\">\n<div id=\"product-info\" class=\"collapse show\">\n<div class=\"mb-5 mt-3 pb-4\">\n<div id=\"prod-txt-container\" class=\"\">\n<div id=\"product-info\" class=\"collapse show\">\n<div class=\"mb-5 mt-3 pb-4\">\n<div id=\"prod-txt-container\" class=\"\">\n<div id=\"product-info\" class=\"collapse show\">\n<div class=\"mb-5 mt-3 pb-4\">\n<div id=\"prod-txt-container\" class=\"\">\n<div id=\"product-info\" class=\"collapse show\">\n<div class=\"mb-5 mt-3 pb-4\">\n<div id=\"prod-txt-container\" class=\"\">\n<div class=\"row\">\n<div class=\"col-md-6 product-order\">\n<div id=\"product-info\" class=\"collapse show\">\n<div class=\"mb-5 mt-3 pb-4\">\n<div id=\"prod-txt-container\" class=\"\">\n<div class=\"row\">\n<div class=\"col-md-6 product-order\">\n<div id=\"product-info\" class=\"collapse show\">\n<div class=\"mb-5 mt-3 pb-4\">\n<div id=\"prod-txt-container\" class=\"\">\n<div id=\"product-info\" class=\"collapse show\">\n<div class=\"mb-5 mt-3 pb-4\">\n<div id=\"prod-txt-container\" class=\"\">\n<div>\n<p>V\u00e5r nye st\u00f8vsuger YS 1\/24 W&amp;D TC GARAGE er skreddersydd for garasjen. Den kan henges p\u00e5 veggen eller benyttes p\u00e5 hjul. Den kan suge b\u00e5de t\u00f8rt st\u00f8v og v\u00e5tt avfall. YS 1\/24 W&amp;D TC GARAGE har innebygget styring for elektroverkt\u00f8y slik at st\u00f8vsugeren starter n\u00e5r el-verkt\u00f8yet starter. Med hele 9 meter fleksibel \u00d832 sugeslange rekker den de fleste steder samtidig som den er enkel \u00e5 jobbe med. Leveres standard med veggfeste, slangeholder og munnstykkeholder i tillegg til utstyr.<\/p>\n<\/div>\n<div><\/div>\n<\/div>\n<\/div>\n<\/div>\n<div class=\"iframeContainer\"><iframe class=\"responsive-iframe\" src=\"https:\/\/www.youtube.com\/embed\/4KOZZwotCJA\" width=\"750\" height=\"422\" frameborder=\"0\" allowfullscreen=\"allowfullscreen\" data-mce-fragment=\"1\"><\/iframe><\/div>\n<\/div>\n<\/div>\n<\/div>\n<\/div>\n<\/div>\n<\/div>\n<\/div>\n<\/div>\n<\/div>\n<\/div>\n<\/div>\n<\/div>\n<\/div>\n<\/div>\n<\/div>\n<\/div>\n<\/div>\n<\/div>\n<\/div>\n<\/div>\n<\/div>\n<\/div>\n<\/div>\n<\/div>\n<\/div>\n<\/div>\n<\/div>\n<\/div>\n<\/div>\n<\/div>\n<\/div>\n<\/div>\n<\/div>\n<\/div>\n<\/div>\n<\/div>\n<\/div>\n<\/div>\n<\/div>\n<\/div>\n<\/div>\n<\/div>\n<\/div>\n<\/div>\n<\/div>\n<\/div>\n<\/div>\n<\/div>\n<\/div>\n<\/div>\n<\/div>\n<\/div>\n<\/div>\n<\/div>\n<\/div>\n<\/div>\n<\/div>\n<\/div>\n<\/div>\n<\/div>\n<\/div>\n<\/div>\n<\/div>\n<\/div>\n<\/div>\n<\/div>\n<\/div>\n<\/div>\n<\/div>\n","protected":false},"excerpt":{"rendered":"<table class=\"alternate-rows mb-5\">\n<tbody>\n<tr>\n<td>Varenummer: 141752<\/td>\n<\/tr>\n<tr>\n<td>EAN-nr: 7050481417524<\/td>\n<\/tr>\n<tr>\n<td>Antall motorer: 1<\/td>\n<\/tr>\n<tr>\n<td>Spenning: 230 &#8211; 10 V-Amp<\/td>\n<\/tr>\n<tr>\n<td>Sugeeffekt: 2470 mmVs<\/td>\n<\/tr>\n<tr>\n<td>Luftmengde: 210 m3\/t<\/td>\n<\/tr>\n<tr>\n<td>Tankvolum: 24 liter<\/td>\n<\/tr>\n<\/tbody>\n<\/table>\n","protected":false},"featured_media":11908,"template":"","meta":{"inline_featured_image":false,"site-sidebar-layout":"default","site-content-layout":"","ast-site-content-layout":"","site-content-style":"default","site-sidebar-style":"default","ast-global-header-display":"","ast-banner-title-visibility":"","ast-main-header-display":"","ast-hfb-above-header-display":"","ast-hfb-below-header-display":"","ast-hfb-mobile-header-display":"","site-post-title":"","ast-breadcrumbs-content":"","ast-featured-img":"","footer-sml-layout":"","theme-transparent-header-meta":"","adv-header-id-meta":"","stick-header-meta":"","header-above-stick-meta":"","header-main-stick-meta":"","header-below-stick-meta":"","astra-migrate-meta-layouts":"default","ast-page-background-enabled":"default","ast-page-background-meta":{"desktop":{"background-color":"var(--ast-global-color-4)","background-image":"","background-repeat":"repeat","background-position":"center center","background-size":"auto","background-attachment":"scroll","background-type":"","background-media":"","overlay-type":"","overlay-color":"","overlay-opacity":"","overlay-gradient":""},"tablet":{"background-color":"","background-image":"","background-repeat":"repeat","background-position":"center center","background-size":"auto","background-attachment":"scroll","background-type":"","background-media":"","overlay-type":"","overlay-color":"","overlay-opacity":"","overlay-gradient":""},"mobile":{"background-color":"","background-image":"","background-repeat":"repeat","background-position":"center center","background-size":"auto","background-attachment":"scroll","background-type":"","background-media":"","overlay-type":"","overlay-color":"","overlay-opacity":"","overlay-gradient":""}},"ast-content-background-meta":{"desktop":{"background-color":"var(--ast-global-color-5)","background-image":"","background-repeat":"repeat","background-position":"center center","background-size":"auto","background-attachment":"scroll","background-type":"","background-media":"","overlay-type":"","overlay-color":"","overlay-opacity":"","overlay-gradient":""},"tablet":{"background-color":"var(--ast-global-color-5)","background-image":"","background-repeat":"repeat","background-position":"center center","background-size":"auto","background-attachment":"scroll","background-type":"","background-media":"","overlay-type":"","overlay-color":"","overlay-opacity":"","overlay-gradient":""},"mobile":{"background-color":"var(--ast-global-color-5)","background-image":"","background-repeat":"repeat","background-position":"center center","background-size":"auto","background-attachment":"scroll","background-type":"","background-media":"","overlay-type":"","overlay-color":"","overlay-opacity":"","overlay-gradient":""}}},"product_brand":[],"product_cat":[216,219],"product_tag":[],"class_list":{"0":"post-11863","1":"product","2":"type-product","3":"status-publish","4":"has-post-thumbnail","6":"product_cat-stovsugere","7":"product_cat-1-sugemotor","8":"desktop-align-left","9":"tablet-align-left","10":"mobile-align-left","12":"first","13":"instock","14":"sale","15":"taxable","16":"shipping-taxable","17":"purchasable","18":"product-type-simple"},"_links":{"self":[{"href":"https:\/\/dev.sm360.no\/obb\/wp-json\/wp\/v2\/product\/11863","targetHints":{"allow":["GET"]}}],"collection":[{"href":"https:\/\/dev.sm360.no\/obb\/wp-json\/wp\/v2\/product"}],"about":[{"href":"https:\/\/dev.sm360.no\/obb\/wp-json\/wp\/v2\/types\/product"}],"version-history":[{"count":1,"href":"https:\/\/dev.sm360.no\/obb\/wp-json\/wp\/v2\/product\/11863\/revisions"}],"predecessor-version":[{"id":11909,"href":"https:\/\/dev.sm360.no\/obb\/wp-json\/wp\/v2\/product\/11863\/revisions\/11909"}],"wp:featuredmedia":[{"embeddable":true,"href":"https:\/\/dev.sm360.no\/obb\/wp-json\/wp\/v2\/media\/11908"}],"wp:attachment":[{"href":"https:\/\/dev.sm360.no\/obb\/wp-json\/wp\/v2\/media?parent=11863"}],"wp:term":[{"taxonomy":"product_brand","embeddable":true,"href":"https:\/\/dev.sm360.no\/obb\/wp-json\/wp\/v2\/product_brand?post=11863"},{"taxonomy":"product_cat","embeddable":true,"href":"https:\/\/dev.sm360.no\/obb\/wp-json\/wp\/v2\/product_cat?post=11863"},{"taxonomy":"product_tag","embeddable":true,"href":"https:\/\/dev.sm360.no\/obb\/wp-json\/wp\/v2\/product_tag?post=11863"}],"curies":[{"name":"wp","href":"https:\/\/api.w.org\/{rel}","templated":true}]}}