{"id":12157,"date":"2024-05-14T11:22:25","date_gmt":"2024-05-14T11:22:25","guid":{"rendered":"https:\/\/dev.sm360.no\/obb\/?post_type=product&#038;p=12157"},"modified":"2025-03-05T09:51:59","modified_gmt":"2025-03-05T09:51:59","slug":"slangetrommel-elektrisk-244m","status":"publish","type":"product","link":"https:\/\/dev.sm360.no\/obb\/produkt\/slangetrommel-elektrisk-244m\/","title":{"rendered":"Slangetrommel Elektrisk 244M"},"content":{"rendered":"<p>Slangetrommel i lakkert st\u00e5l med motorisert inntrekk. Inntrekket driftes av en elektromotor som g\u00e5r p\u00e5 230 volt ac. Slangetrommelen passer til bruk med olje, vann, luft og diesel med et maks trykk p\u00e5 20 bar. Svivlen er av aluminium og har viton tetninger. Passer perfekt for shipping, offshore, gruvedrift og produksjon.<\/p>\n","protected":false},"excerpt":{"rendered":"<div id=\"product-info\" class=\"collapse show\">\n<div class=\"mb-5 mt-3 pb-4\">\n<table class=\"alternate-rows mb-5\">\n<tbody>\n<tr>\n<td>Varenummer: 230324<\/td>\n<\/tr>\n<tr>\n<td>EAN-nr: 7050482303246<\/td>\n<\/tr>\n<tr>\n<td>Trykk: 20 bar<\/td>\n<\/tr>\n<tr>\n<td>Legering: Lakkert St\u00e5l<\/td>\n<\/tr>\n<tr>\n<td>Kapasitet: 244 meter 3\/4&#8243; l.t.slange<\/td>\n<\/tr>\n<tr>\n<td>Slange: Nei<\/td>\n<\/tr>\n<tr>\n<td>Gjenger inngang: 2&#8243; innv. gjenger<\/td>\n<\/tr>\n<tr>\n<td>Gjenger utgang: 2&#8243; innv. gjenger<\/td>\n<\/tr>\n<tr>\n<td>Tetninger: Viton<\/td>\n<\/tr>\n<tr>\n<td>Temperatur: 100 \u00b0C<\/td>\n<\/tr>\n<tr>\n<td>Dimensjoner (LxBxH): 700x760x855 mm<\/td>\n<\/tr>\n<tr>\n<td>Vekt: 126,5 Kg<\/td>\n<\/tr>\n<\/tbody>\n<\/table>\n<\/div>\n<\/div>\n","protected":false},"featured_media":12196,"template":"","meta":{"inline_featured_image":false,"site-sidebar-layout":"default","site-content-layout":"","ast-site-content-layout":"","site-content-style":"default","site-sidebar-style":"default","ast-global-header-display":"","ast-banner-title-visibility":"","ast-main-header-display":"","ast-hfb-above-header-display":"","ast-hfb-below-header-display":"","ast-hfb-mobile-header-display":"","site-post-title":"","ast-breadcrumbs-content":"","ast-featured-img":"","footer-sml-layout":"","theme-transparent-header-meta":"","adv-header-id-meta":"","stick-header-meta":"","header-above-stick-meta":"","header-main-stick-meta":"","header-below-stick-meta":"","astra-migrate-meta-layouts":"default","ast-page-background-enabled":"default","ast-page-background-meta":{"desktop":{"background-color":"var(--ast-global-color-4)","background-image":"","background-repeat":"repeat","background-position":"center center","background-size":"auto","background-attachment":"scroll","background-type":"","background-media":"","overlay-type":"","overlay-color":"","overlay-opacity":"","overlay-gradient":""},"tablet":{"background-color":"","background-image":"","background-repeat":"repeat","background-position":"center center","background-size":"auto","background-attachment":"scroll","background-type":"","background-media":"","overlay-type":"","overlay-color":"","overlay-opacity":"","overlay-gradient":""},"mobile":{"background-color":"","background-image":"","background-repeat":"repeat","background-position":"center center","background-size":"auto","background-attachment":"scroll","background-type":"","background-media":"","overlay-type":"","overlay-color":"","overlay-opacity":"","overlay-gradient":""}},"ast-content-background-meta":{"desktop":{"background-color":"var(--ast-global-color-5)","background-image":"","background-repeat":"repeat","background-position":"center center","background-size":"auto","background-attachment":"scroll","background-type":"","background-media":"","overlay-type":"","overlay-color":"","overlay-opacity":"","overlay-gradient":""},"tablet":{"background-color":"var(--ast-global-color-5)","background-image":"","background-repeat":"repeat","background-position":"center center","background-size":"auto","background-attachment":"scroll","background-type":"","background-media":"","overlay-type":"","overlay-color":"","overlay-opacity":"","overlay-gradient":""},"mobile":{"background-color":"var(--ast-global-color-5)","background-image":"","background-repeat":"repeat","background-position":"center center","background-size":"auto","background-attachment":"scroll","background-type":"","background-media":"","overlay-type":"","overlay-color":"","overlay-opacity":"","overlay-gradient":""}}},"product_brand":[],"product_cat":[199,229],"product_tag":[],"class_list":{"0":"post-12157","1":"product","2":"type-product","3":"status-publish","4":"has-post-thumbnail","6":"product_cat-slangetromler","7":"product_cat-motorisert","8":"desktop-align-left","9":"tablet-align-left","10":"mobile-align-left","12":"first","13":"instock","14":"taxable","15":"shipping-taxable","16":"purchasable","17":"product-type-simple"},"_links":{"self":[{"href":"https:\/\/dev.sm360.no\/obb\/wp-json\/wp\/v2\/product\/12157","targetHints":{"allow":["GET"]}}],"collection":[{"href":"https:\/\/dev.sm360.no\/obb\/wp-json\/wp\/v2\/product"}],"about":[{"href":"https:\/\/dev.sm360.no\/obb\/wp-json\/wp\/v2\/types\/product"}],"version-history":[{"count":1,"href":"https:\/\/dev.sm360.no\/obb\/wp-json\/wp\/v2\/product\/12157\/revisions"}],"predecessor-version":[{"id":12197,"href":"https:\/\/dev.sm360.no\/obb\/wp-json\/wp\/v2\/product\/12157\/revisions\/12197"}],"wp:featuredmedia":[{"embeddable":true,"href":"https:\/\/dev.sm360.no\/obb\/wp-json\/wp\/v2\/media\/12196"}],"wp:attachment":[{"href":"https:\/\/dev.sm360.no\/obb\/wp-json\/wp\/v2\/media?parent=12157"}],"wp:term":[{"taxonomy":"product_brand","embeddable":true,"href":"https:\/\/dev.sm360.no\/obb\/wp-json\/wp\/v2\/product_brand?post=12157"},{"taxonomy":"product_cat","embeddable":true,"href":"https:\/\/dev.sm360.no\/obb\/wp-json\/wp\/v2\/product_cat?post=12157"},{"taxonomy":"product_tag","embeddable":true,"href":"https:\/\/dev.sm360.no\/obb\/wp-json\/wp\/v2\/product_tag?post=12157"}],"curies":[{"name":"wp","href":"https:\/\/api.w.org\/{rel}","templated":true}]}}