{"id":12160,"date":"2024-05-14T11:22:25","date_gmt":"2024-05-14T11:22:25","guid":{"rendered":"https:\/\/dev.sm360.no\/obb\/?post_type=product&#038;p=12160"},"modified":"2024-05-14T11:22:28","modified_gmt":"2024-05-14T11:22:28","slug":"slangevogn-rustfri-hoytrykk-u-slange-120m","status":"publish","type":"product","link":"https:\/\/dev.sm360.no\/obb\/produkt\/slangevogn-rustfri-hoytrykk-u-slange-120m\/","title":{"rendered":"Slangevogn rustfri h\u00f8ytrykk u\/slange 120m"},"content":{"rendered":"<p>Meget solid slangevogn i rustfritt st\u00e5l med en p\u00e5montert manuell slangetrommel i rustfritt st\u00e5l med plass til opp til 120 meter 3\/8&#8243; slange. Vognen har som standard automatisk l\u00e5s p\u00e5 hjulene n\u00e5r den st\u00e5r parkert, slangeguide, justerbar klutsj og rotasjonsl\u00e5s p\u00e5 trommelen. Trommelen har svivel i AISI 304 rustfritt st\u00e5l med viton tetninger. Leveres med 2 meter inlet slange.<\/p>\n","protected":false},"excerpt":{"rendered":"<div id=\"product-info\" class=\"collapse show\">\n<div class=\"mb-5 mt-3 pb-4\">\n<table class=\"alternate-rows mb-5\">\n<tbody>\n<tr>\n<td>Varenummer: 230495<\/td>\n<\/tr>\n<tr>\n<td>EAN-nr: 7050482304953<\/td>\n<\/tr>\n<tr>\n<td>Trykk: 200 bar<\/td>\n<\/tr>\n<tr>\n<td>Materiale: Rustfritt St\u00e5l AISI 304<\/td>\n<\/tr>\n<tr>\n<td>Kapasitet: 120 meter 3\/8&#8243; h.t.slange<\/td>\n<\/tr>\n<tr>\n<td>Slange: Nei<\/td>\n<\/tr>\n<tr>\n<td>Gjenger inngang: 3\/8&#8243; innv. gjenger<\/td>\n<\/tr>\n<tr>\n<td>Gjenger utgang: 3\/8&#8243; innv. gjenger<\/td>\n<\/tr>\n<tr>\n<td>Tetninger: Viton<\/td>\n<\/tr>\n<tr>\n<td>Temperatur: 130 \u00b0C<\/td>\n<\/tr>\n<tr>\n<td>Dimensjon: 675x705x1050 mm<\/td>\n<\/tr>\n<tr>\n<td>Vekt: 40 Kg<\/td>\n<\/tr>\n<\/tbody>\n<\/table>\n<\/div>\n<\/div>\n","protected":false},"featured_media":12201,"template":"","meta":{"inline_featured_image":false,"site-sidebar-layout":"default","site-content-layout":"","ast-site-content-layout":"","site-content-style":"default","site-sidebar-style":"default","ast-global-header-display":"","ast-banner-title-visibility":"","ast-main-header-display":"","ast-hfb-above-header-display":"","ast-hfb-below-header-display":"","ast-hfb-mobile-header-display":"","site-post-title":"","ast-breadcrumbs-content":"","ast-featured-img":"","footer-sml-layout":"","theme-transparent-header-meta":"","adv-header-id-meta":"","stick-header-meta":"","header-above-stick-meta":"","header-main-stick-meta":"","header-below-stick-meta":"","astra-migrate-meta-layouts":"default","ast-page-background-enabled":"default","ast-page-background-meta":{"desktop":{"background-color":"var(--ast-global-color-4)","background-image":"","background-repeat":"repeat","background-position":"center center","background-size":"auto","background-attachment":"scroll","background-type":"","background-media":"","overlay-type":"","overlay-color":"","overlay-opacity":"","overlay-gradient":""},"tablet":{"background-color":"","background-image":"","background-repeat":"repeat","background-position":"center center","background-size":"auto","background-attachment":"scroll","background-type":"","background-media":"","overlay-type":"","overlay-color":"","overlay-opacity":"","overlay-gradient":""},"mobile":{"background-color":"","background-image":"","background-repeat":"repeat","background-position":"center center","background-size":"auto","background-attachment":"scroll","background-type":"","background-media":"","overlay-type":"","overlay-color":"","overlay-opacity":"","overlay-gradient":""}},"ast-content-background-meta":{"desktop":{"background-color":"var(--ast-global-color-5)","background-image":"","background-repeat":"repeat","background-position":"center center","background-size":"auto","background-attachment":"scroll","background-type":"","background-media":"","overlay-type":"","overlay-color":"","overlay-opacity":"","overlay-gradient":""},"tablet":{"background-color":"var(--ast-global-color-5)","background-image":"","background-repeat":"repeat","background-position":"center center","background-size":"auto","background-attachment":"scroll","background-type":"","background-media":"","overlay-type":"","overlay-color":"","overlay-opacity":"","overlay-gradient":""},"mobile":{"background-color":"var(--ast-global-color-5)","background-image":"","background-repeat":"repeat","background-position":"center center","background-size":"auto","background-attachment":"scroll","background-type":"","background-media":"","overlay-type":"","overlay-color":"","overlay-opacity":"","overlay-gradient":""}}},"product_brand":[],"product_cat":[199,230],"product_tag":[],"class_list":{"0":"post-12160","1":"product","2":"type-product","3":"status-publish","4":"has-post-thumbnail","6":"product_cat-slangetromler","7":"product_cat-slangevogner","8":"desktop-align-left","9":"tablet-align-left","10":"mobile-align-left","12":"first","13":"instock","14":"sale","15":"taxable","16":"shipping-taxable","17":"purchasable","18":"product-type-simple"},"_links":{"self":[{"href":"https:\/\/dev.sm360.no\/obb\/wp-json\/wp\/v2\/product\/12160","targetHints":{"allow":["GET"]}}],"collection":[{"href":"https:\/\/dev.sm360.no\/obb\/wp-json\/wp\/v2\/product"}],"about":[{"href":"https:\/\/dev.sm360.no\/obb\/wp-json\/wp\/v2\/types\/product"}],"version-history":[{"count":1,"href":"https:\/\/dev.sm360.no\/obb\/wp-json\/wp\/v2\/product\/12160\/revisions"}],"predecessor-version":[{"id":12202,"href":"https:\/\/dev.sm360.no\/obb\/wp-json\/wp\/v2\/product\/12160\/revisions\/12202"}],"wp:featuredmedia":[{"embeddable":true,"href":"https:\/\/dev.sm360.no\/obb\/wp-json\/wp\/v2\/media\/12201"}],"wp:attachment":[{"href":"https:\/\/dev.sm360.no\/obb\/wp-json\/wp\/v2\/media?parent=12160"}],"wp:term":[{"taxonomy":"product_brand","embeddable":true,"href":"https:\/\/dev.sm360.no\/obb\/wp-json\/wp\/v2\/product_brand?post=12160"},{"taxonomy":"product_cat","embeddable":true,"href":"https:\/\/dev.sm360.no\/obb\/wp-json\/wp\/v2\/product_cat?post=12160"},{"taxonomy":"product_tag","embeddable":true,"href":"https:\/\/dev.sm360.no\/obb\/wp-json\/wp\/v2\/product_tag?post=12160"}],"curies":[{"name":"wp","href":"https:\/\/api.w.org\/{rel}","templated":true}]}}