{"id":12166,"date":"2024-05-14T11:22:25","date_gmt":"2024-05-14T11:22:25","guid":{"rendered":"https:\/\/dev.sm360.no\/obb\/?post_type=product&#038;p=12166"},"modified":"2025-03-05T09:46:16","modified_gmt":"2025-03-05T09:46:16","slug":"slangevogn-galv-lavtrykk-m-slange-60m","status":"publish","type":"product","link":"https:\/\/dev.sm360.no\/obb\/produkt\/slangevogn-galv-lavtrykk-m-slange-60m\/","title":{"rendered":"Slangevogn galv. lavtrykk m\/slange 60m"},"content":{"rendered":"<p>Meget solid slangevogn i galvanisert st\u00e5l med en p\u00e5montert manuell slangetrommel i lakkert st\u00e5l med plass til opp til 60 meter 3\/4&#8243; slange. Vognen har som standard automatisk l\u00e5s p\u00e5 hjulene n\u00e5r den st\u00e5r parkert, slangeguide, justerbar klutsj og rotasjonsl\u00e5s p\u00e5 trommelen. Trommelen har svivel i messing med viton tetninger. Leveres med 60 meter 3\/4&#8243; l.t.slange og 2 meter inlet slange.<\/p>\n","protected":false},"excerpt":{"rendered":"<div id=\"product-info\" class=\"collapse show\">\n<div class=\"mb-5 mt-3 pb-4\">\n<table class=\"alternate-rows mb-5\">\n<tbody>\n<tr>\n<td>Varenummer: 230488<\/td>\n<\/tr>\n<tr>\n<td>EAN-nr: 7050482304885<\/td>\n<\/tr>\n<tr>\n<td>Trykk: 20 bar<\/td>\n<\/tr>\n<tr>\n<td>Materiale: St\u00e5l<\/td>\n<\/tr>\n<tr>\n<td>Kapasitet: 60 meter 3\/4&#8243; l.t.slange<\/td>\n<\/tr>\n<tr>\n<td>Slange: Ja<\/td>\n<\/tr>\n<tr>\n<td>Gjenger inngang: 1&#8243; innv. gjenger<\/td>\n<\/tr>\n<tr>\n<td>Gjenger utgang: 3\/4&#8243; innv. gjenger<\/td>\n<\/tr>\n<tr>\n<td>Tetninger: Viton<\/td>\n<\/tr>\n<tr>\n<td>Temperatur: 100 \u00b0C<\/td>\n<\/tr>\n<tr>\n<td>Dimensjon: 675x705x1050 mm<\/td>\n<\/tr>\n<tr>\n<td>Vekt: 40 Kg<\/td>\n<\/tr>\n<\/tbody>\n<\/table>\n<\/div>\n<\/div>\n","protected":false},"featured_media":12211,"template":"","meta":{"inline_featured_image":false,"site-sidebar-layout":"default","site-content-layout":"","ast-site-content-layout":"","site-content-style":"default","site-sidebar-style":"default","ast-global-header-display":"","ast-banner-title-visibility":"","ast-main-header-display":"","ast-hfb-above-header-display":"","ast-hfb-below-header-display":"","ast-hfb-mobile-header-display":"","site-post-title":"","ast-breadcrumbs-content":"","ast-featured-img":"","footer-sml-layout":"","theme-transparent-header-meta":"","adv-header-id-meta":"","stick-header-meta":"","header-above-stick-meta":"","header-main-stick-meta":"","header-below-stick-meta":"","astra-migrate-meta-layouts":"default","ast-page-background-enabled":"default","ast-page-background-meta":{"desktop":{"background-color":"var(--ast-global-color-4)","background-image":"","background-repeat":"repeat","background-position":"center center","background-size":"auto","background-attachment":"scroll","background-type":"","background-media":"","overlay-type":"","overlay-color":"","overlay-opacity":"","overlay-gradient":""},"tablet":{"background-color":"","background-image":"","background-repeat":"repeat","background-position":"center center","background-size":"auto","background-attachment":"scroll","background-type":"","background-media":"","overlay-type":"","overlay-color":"","overlay-opacity":"","overlay-gradient":""},"mobile":{"background-color":"","background-image":"","background-repeat":"repeat","background-position":"center center","background-size":"auto","background-attachment":"scroll","background-type":"","background-media":"","overlay-type":"","overlay-color":"","overlay-opacity":"","overlay-gradient":""}},"ast-content-background-meta":{"desktop":{"background-color":"var(--ast-global-color-5)","background-image":"","background-repeat":"repeat","background-position":"center center","background-size":"auto","background-attachment":"scroll","background-type":"","background-media":"","overlay-type":"","overlay-color":"","overlay-opacity":"","overlay-gradient":""},"tablet":{"background-color":"var(--ast-global-color-5)","background-image":"","background-repeat":"repeat","background-position":"center center","background-size":"auto","background-attachment":"scroll","background-type":"","background-media":"","overlay-type":"","overlay-color":"","overlay-opacity":"","overlay-gradient":""},"mobile":{"background-color":"var(--ast-global-color-5)","background-image":"","background-repeat":"repeat","background-position":"center center","background-size":"auto","background-attachment":"scroll","background-type":"","background-media":"","overlay-type":"","overlay-color":"","overlay-opacity":"","overlay-gradient":""}}},"product_brand":[],"product_cat":[199,230],"product_tag":[],"class_list":{"0":"post-12166","1":"product","2":"type-product","3":"status-publish","4":"has-post-thumbnail","6":"product_cat-slangetromler","7":"product_cat-slangevogner","8":"desktop-align-left","9":"tablet-align-left","10":"mobile-align-left","12":"first","13":"instock","14":"sale","15":"taxable","16":"shipping-taxable","17":"purchasable","18":"product-type-simple"},"_links":{"self":[{"href":"https:\/\/dev.sm360.no\/obb\/wp-json\/wp\/v2\/product\/12166","targetHints":{"allow":["GET"]}}],"collection":[{"href":"https:\/\/dev.sm360.no\/obb\/wp-json\/wp\/v2\/product"}],"about":[{"href":"https:\/\/dev.sm360.no\/obb\/wp-json\/wp\/v2\/types\/product"}],"version-history":[{"count":1,"href":"https:\/\/dev.sm360.no\/obb\/wp-json\/wp\/v2\/product\/12166\/revisions"}],"predecessor-version":[{"id":12212,"href":"https:\/\/dev.sm360.no\/obb\/wp-json\/wp\/v2\/product\/12166\/revisions\/12212"}],"wp:featuredmedia":[{"embeddable":true,"href":"https:\/\/dev.sm360.no\/obb\/wp-json\/wp\/v2\/media\/12211"}],"wp:attachment":[{"href":"https:\/\/dev.sm360.no\/obb\/wp-json\/wp\/v2\/media?parent=12166"}],"wp:term":[{"taxonomy":"product_brand","embeddable":true,"href":"https:\/\/dev.sm360.no\/obb\/wp-json\/wp\/v2\/product_brand?post=12166"},{"taxonomy":"product_cat","embeddable":true,"href":"https:\/\/dev.sm360.no\/obb\/wp-json\/wp\/v2\/product_cat?post=12166"},{"taxonomy":"product_tag","embeddable":true,"href":"https:\/\/dev.sm360.no\/obb\/wp-json\/wp\/v2\/product_tag?post=12166"}],"curies":[{"name":"wp","href":"https:\/\/api.w.org\/{rel}","templated":true}]}}