{"id":13281,"date":"2025-03-05T11:24:25","date_gmt":"2025-03-05T11:24:25","guid":{"rendered":"https:\/\/dev.sm360.no\/obb\/?post_type=product&#038;p=13281"},"modified":"2025-03-24T11:59:06","modified_gmt":"2025-03-24T11:59:06","slug":"koch-chemie-vorreiniger-b-5kg-test","status":"publish","type":"product","link":"https:\/\/dev.sm360.no\/obb\/produkt\/koch-chemie-vorreiniger-b-5kg-test\/","title":{"rendered":"Koch-Chemie Vorreiniger B 5kg \u2013 TEST"},"content":{"rendered":"<p>Vorreiniger B er det produktet vi selger desidert mest av for bruk i skumkanon eller pumpekanne. Den kan ogs\u00e5 brukes i vanlig sprayflaske. Legges gjerne over en petrokjemisk avfetting som f. eks\u00a0Koch-Chemie Teerw\u00e4sche A\u00a0for ekstra god rengj\u00f8ringseffekt n\u00e5r du gj\u00f8r en ber\u00f8ringsfri vask, eller forvask f\u00f8r h\u00e5ndvask.<\/p>\n<div class=\"icon-box-img\">\n<div class=\"icon\"><\/div>\n<\/div>\n<div class=\"icon-box-text last-reset\">\n<div class=\"icon-box-img\">\n<div class=\"icon\">\n<div class=\"icon-inner\"><img decoding=\"async\" class=\"attachment-medium size-medium\" src=\"https:\/\/detailshop.no\/wp-content\/uploads\/2021\/06\/Vbn-1.png\" sizes=\"(max-width: 124px) 100vw, 124px\" srcset=\"https:\/\/detailshop.no\/wp-content\/uploads\/2021\/06\/Vbn-1.png 124w, https:\/\/detailshop.no\/wp-content\/uploads\/2021\/06\/Vbn-1-100x100.png 100w, https:\/\/detailshop.no\/wp-content\/uploads\/2021\/06\/Vbn-1-64x64.png 64w\" alt=\"\" width=\"124\" height=\"124\" \/><\/div>\n<\/div>\n<\/div>\n<div class=\"icon-box-text last-reset\">\n<p>Konsentrert forvaskmiddel med h\u00f8y pH for bruk i skumkanon eller med lavtrykkskanne. Ingen duft tilsatt. Skummer godt, og rengj\u00f8r grundig. Trygg p\u00e5 alle utvendige overflater.<\/p>\n<p><strong>OBS: Felger med polerte kanter t\u00e5ler ikke denne typen vaskekjemi.<\/strong><\/p>\n<\/div>\n<\/div>\n","protected":false},"excerpt":{"rendered":"<div class=\"container section-title-container\">\n<div class=\"container section-title-container\">\n<div class=\"container section-title-container\">\n<div class=\"container section-title-container\">\n<p class=\"section-title section-title-normal\"><strong>pH-verdi:\u00a0<\/strong>13,1<strong><br \/>\nBlandingsforhold:<\/strong>\u00a0Fra 1:5 til 1:50 (2-20%).<br \/>\n<strong>Bruksomr\u00e5der:<\/strong>\u00a0Motorvask, utvendig rengj\u00f8ring av kj\u00f8ret\u00f8y.<br \/>\n<strong>P\u00e5f\u00f8ringsmetoder:\u00a0<\/strong>Skumkanon, sprayflaske, lavtrykkskanne.<\/p>\n<\/div>\n<div class=\"container section-title-container\">\n<p class=\"section-title section-title-normal\"><strong><span class=\"section-title-main\">S\u00e5nn bruker du Vorreiniger B NTA-Fri<\/span><\/strong><\/p>\n<\/div>\n<p>For utvendig vask av kj\u00f8ret\u00f8y:<\/p>\n<p>Bland ut med vann til \u00f8nsket konsentrasjon. Husk at en skumkanon ogs\u00e5 tilsetter vann fra h\u00f8ytrykksspyleren.<\/p>\n<ol>\n<li>Bland ut i lavtrykkskanne eller p\u00e5 skumkanon \u2013 s\u00f8rg for at overflaten som skal rengj\u00f8res er avkj\u00f8lt og plassert i skyggen.<\/li>\n<li>P\u00e5f\u00f8r produktet, og s\u00f8rg for god dekning. La virke 2-3 minutter.<\/li>\n<li>Spyl grundig av med h\u00f8yttrykksspyler nedenfra og opp.<\/li>\n<\/ol>\n<\/div>\n<\/div>\n<\/div>\n","protected":false},"featured_media":10817,"template":"","meta":{"inline_featured_image":false,"site-sidebar-layout":"default","site-content-layout":"","ast-site-content-layout":"default","site-content-style":"default","site-sidebar-style":"default","ast-global-header-display":"","ast-banner-title-visibility":"","ast-main-header-display":"","ast-hfb-above-header-display":"","ast-hfb-below-header-display":"","ast-hfb-mobile-header-display":"","site-post-title":"","ast-breadcrumbs-content":"","ast-featured-img":"","footer-sml-layout":"","theme-transparent-header-meta":"default","adv-header-id-meta":"","stick-header-meta":"","header-above-stick-meta":"","header-main-stick-meta":"","header-below-stick-meta":"","astra-migrate-meta-layouts":"set","ast-page-background-enabled":"default","ast-page-background-meta":{"desktop":{"background-color":"var(--ast-global-color-4)","background-image":"","background-repeat":"repeat","background-position":"center center","background-size":"auto","background-attachment":"scroll","background-type":"","background-media":"","overlay-type":"","overlay-color":"","overlay-opacity":"","overlay-gradient":""},"tablet":{"background-color":"","background-image":"","background-repeat":"repeat","background-position":"center center","background-size":"auto","background-attachment":"scroll","background-type":"","background-media":"","overlay-type":"","overlay-color":"","overlay-opacity":"","overlay-gradient":""},"mobile":{"background-color":"","background-image":"","background-repeat":"repeat","background-position":"center center","background-size":"auto","background-attachment":"scroll","background-type":"","background-media":"","overlay-type":"","overlay-color":"","overlay-opacity":"","overlay-gradient":""}},"ast-content-background-meta":{"desktop":{"background-color":"var(--ast-global-color-5)","background-image":"","background-repeat":"repeat","background-position":"center center","background-size":"auto","background-attachment":"scroll","background-type":"","background-media":"","overlay-type":"","overlay-color":"","overlay-opacity":"","overlay-gradient":""},"tablet":{"background-color":"var(--ast-global-color-5)","background-image":"","background-repeat":"repeat","background-position":"center center","background-size":"auto","background-attachment":"scroll","background-type":"","background-media":"","overlay-type":"","overlay-color":"","overlay-opacity":"","overlay-gradient":""},"mobile":{"background-color":"var(--ast-global-color-5)","background-image":"","background-repeat":"repeat","background-position":"center center","background-size":"auto","background-attachment":"scroll","background-type":"","background-media":"","overlay-type":"","overlay-color":"","overlay-opacity":"","overlay-gradient":""}}},"product_brand":[244],"product_cat":[162,163,158],"product_tag":[245],"class_list":{"0":"post-13281","1":"product","2":"type-product","3":"status-publish","4":"has-post-thumbnail","6":"product_brand-koch-chemie","7":"product_cat-forvask","8":"product_cat-koch-chemie","9":"product_cat-vaskemidler","10":"product_tag-forvask","11":"desktop-align-left","12":"tablet-align-left","13":"mobile-align-left","15":"first","16":"instock","17":"taxable","18":"shipping-taxable","19":"purchasable","20":"product-type-simple"},"_links":{"self":[{"href":"https:\/\/dev.sm360.no\/obb\/wp-json\/wp\/v2\/product\/13281","targetHints":{"allow":["GET"]}}],"collection":[{"href":"https:\/\/dev.sm360.no\/obb\/wp-json\/wp\/v2\/product"}],"about":[{"href":"https:\/\/dev.sm360.no\/obb\/wp-json\/wp\/v2\/types\/product"}],"version-history":[{"count":1,"href":"https:\/\/dev.sm360.no\/obb\/wp-json\/wp\/v2\/product\/13281\/revisions"}],"predecessor-version":[{"id":13282,"href":"https:\/\/dev.sm360.no\/obb\/wp-json\/wp\/v2\/product\/13281\/revisions\/13282"}],"wp:featuredmedia":[{"embeddable":true,"href":"https:\/\/dev.sm360.no\/obb\/wp-json\/wp\/v2\/media\/10817"}],"wp:attachment":[{"href":"https:\/\/dev.sm360.no\/obb\/wp-json\/wp\/v2\/media?parent=13281"}],"wp:term":[{"taxonomy":"product_brand","embeddable":true,"href":"https:\/\/dev.sm360.no\/obb\/wp-json\/wp\/v2\/product_brand?post=13281"},{"taxonomy":"product_cat","embeddable":true,"href":"https:\/\/dev.sm360.no\/obb\/wp-json\/wp\/v2\/product_cat?post=13281"},{"taxonomy":"product_tag","embeddable":true,"href":"https:\/\/dev.sm360.no\/obb\/wp-json\/wp\/v2\/product_tag?post=13281"}],"curies":[{"name":"wp","href":"https:\/\/api.w.org\/{rel}","templated":true}]}}